{"id":2240,"date":"2021-01-18T15:10:11","date_gmt":"2021-01-18T14:10:11","guid":{"rendered":"https:\/\/gastro.condin.shop\/produkt\/gruener-spargel-20\/"},"modified":"2024-05-15T12:59:51","modified_gmt":"2024-05-15T10:59:51","slug":"gruener-spargel-20","status":"publish","type":"product","link":"https:\/\/gastro.condin.shop\/it\/produkt\/gruener-spargel-20\/","title":{"rendered":"Gr\u00fcner Spargel 16+"},"content":{"rendered":"","protected":false},"excerpt":{"rendered":"<p>Gr\u00fcner Spargel hat eine makellose Form und einen Durchmesser von mindestens 20 Millimeter. Er ist nicht gekr\u00fcmmt.<\/p>\n","protected":false},"featured_media":385,"template":"","meta":[],"product_cat":[42,50],"product_tag":[],"class_list":["post-2240","product","type-product","status-publish","has-post-thumbnail","hentry","product_cat-asparago-verde","product_cat-italia"],"acf":[],"yoast_head":"<!-- This site is optimized with the Yoast SEO plugin v27.4 - https:\/\/yoast.com\/product\/yoast-seo-wordpress\/ -->\n<title>Gr\u00fcner Spargel 20 \u2013 eine Verf\u00fchrung | Sofort bestellen<\/title>\n<meta name=\"description\" content=\"Unseren makellosen gr\u00fcnen Spargel 20 Millimeter Durchmesser online kaufen. Condin Online-Shop \u2013 Spargel und vieles mehr.\" \/>\n<meta name=\"robots\" content=\"index, follow, max-snippet:-1, max-image-preview:large, max-video-preview:-1\" \/>\n<link rel=\"canonical\" href=\"https:\/\/gastro.condin.shop\/it\/produkt\/gruener-spargel-20\/\" \/>\n<meta property=\"og:locale\" content=\"it_IT\" \/>\n<meta property=\"og:type\" content=\"article\" \/>\n<meta property=\"og:title\" content=\"Gr\u00fcner Spargel 20 \u2013 eine Verf\u00fchrung | Sofort bestellen\" \/>\n<meta property=\"og:description\" content=\"Unseren makellosen gr\u00fcnen Spargel 20 Millimeter Durchmesser online kaufen. Condin Online-Shop \u2013 Spargel und vieles mehr.\" \/>\n<meta property=\"og:url\" content=\"https:\/\/gastro.condin.shop\/it\/produkt\/gruener-spargel-20\/\" \/>\n<meta property=\"og:site_name\" content=\"Condin Spargel Asparagi\" \/>\n<meta property=\"article:modified_time\" content=\"2024-05-15T10:59:51+00:00\" \/>\n<meta property=\"og:image\" content=\"https:\/\/gastro.condin.shop\/wp-content\/uploads\/2021\/01\/Gruener-Spargel.jpg\" \/>\n\t<meta property=\"og:image:width\" content=\"1104\" \/>\n\t<meta property=\"og:image:height\" content=\"1104\" \/>\n\t<meta property=\"og:image:type\" content=\"image\/jpeg\" \/>\n<meta name=\"twitter:card\" content=\"summary_large_image\" \/>\n<script type=\"application\/ld+json\" class=\"yoast-schema-graph\">{\"@context\":\"https:\\\/\\\/schema.org\",\"@graph\":[{\"@type\":\"WebPage\",\"@id\":\"https:\\\/\\\/gastro.condin.shop\\\/it\\\/produkt\\\/gruener-spargel-20\\\/\",\"url\":\"https:\\\/\\\/gastro.condin.shop\\\/it\\\/produkt\\\/gruener-spargel-20\\\/\",\"name\":\"Gr\u00fcner Spargel 20 \u2013 eine Verf\u00fchrung | Sofort bestellen\",\"isPartOf\":{\"@id\":\"https:\\\/\\\/gastro.condin.shop\\\/it\\\/#website\"},\"primaryImageOfPage\":{\"@id\":\"https:\\\/\\\/gastro.condin.shop\\\/it\\\/produkt\\\/gruener-spargel-20\\\/#primaryimage\"},\"image\":{\"@id\":\"https:\\\/\\\/gastro.condin.shop\\\/it\\\/produkt\\\/gruener-spargel-20\\\/#primaryimage\"},\"thumbnailUrl\":\"https:\\\/\\\/gastro.condin.shop\\\/wp-content\\\/uploads\\\/2021\\\/01\\\/Gruener-Spargel.jpg\",\"datePublished\":\"2021-01-18T14:10:11+00:00\",\"dateModified\":\"2024-05-15T10:59:51+00:00\",\"description\":\"Unseren makellosen gr\u00fcnen Spargel 20 Millimeter Durchmesser online kaufen. Condin Online-Shop \u2013 Spargel und vieles mehr.\",\"inLanguage\":\"it-IT\",\"potentialAction\":[{\"@type\":\"ReadAction\",\"target\":[\"https:\\\/\\\/gastro.condin.shop\\\/it\\\/produkt\\\/gruener-spargel-20\\\/\"]}]},{\"@type\":\"ImageObject\",\"inLanguage\":\"it-IT\",\"@id\":\"https:\\\/\\\/gastro.condin.shop\\\/it\\\/produkt\\\/gruener-spargel-20\\\/#primaryimage\",\"url\":\"https:\\\/\\\/gastro.condin.shop\\\/wp-content\\\/uploads\\\/2021\\\/01\\\/Gruener-Spargel.jpg\",\"contentUrl\":\"https:\\\/\\\/gastro.condin.shop\\\/wp-content\\\/uploads\\\/2021\\\/01\\\/Gruener-Spargel.jpg\",\"width\":1104,\"height\":1104},{\"@type\":\"WebSite\",\"@id\":\"https:\\\/\\\/gastro.condin.shop\\\/it\\\/#website\",\"url\":\"https:\\\/\\\/gastro.condin.shop\\\/it\\\/\",\"name\":\"Condin Spargel Asparagi\",\"description\":\"Shop\",\"potentialAction\":[{\"@type\":\"SearchAction\",\"target\":{\"@type\":\"EntryPoint\",\"urlTemplate\":\"https:\\\/\\\/gastro.condin.shop\\\/it\\\/?s={search_term_string}\"},\"query-input\":{\"@type\":\"PropertyValueSpecification\",\"valueRequired\":true,\"valueName\":\"search_term_string\"}}],\"inLanguage\":\"it-IT\"}]}<\/script>\n<!-- \/ Yoast SEO plugin. -->","yoast_head_json":{"title":"Gr\u00fcner Spargel 20 \u2013 eine Verf\u00fchrung | Sofort bestellen","description":"Unseren makellosen gr\u00fcnen Spargel 20 Millimeter Durchmesser online kaufen. Condin Online-Shop \u2013 Spargel und vieles mehr.","robots":{"index":"index","follow":"follow","max-snippet":"max-snippet:-1","max-image-preview":"max-image-preview:large","max-video-preview":"max-video-preview:-1"},"canonical":"https:\/\/gastro.condin.shop\/it\/produkt\/gruener-spargel-20\/","og_locale":"it_IT","og_type":"article","og_title":"Gr\u00fcner Spargel 20 \u2013 eine Verf\u00fchrung | Sofort bestellen","og_description":"Unseren makellosen gr\u00fcnen Spargel 20 Millimeter Durchmesser online kaufen. Condin Online-Shop \u2013 Spargel und vieles mehr.","og_url":"https:\/\/gastro.condin.shop\/it\/produkt\/gruener-spargel-20\/","og_site_name":"Condin Spargel Asparagi","article_modified_time":"2024-05-15T10:59:51+00:00","og_image":[{"width":1104,"height":1104,"url":"https:\/\/gastro.condin.shop\/wp-content\/uploads\/2021\/01\/Gruener-Spargel.jpg","type":"image\/jpeg"}],"twitter_card":"summary_large_image","schema":{"@context":"https:\/\/schema.org","@graph":[{"@type":"WebPage","@id":"https:\/\/gastro.condin.shop\/it\/produkt\/gruener-spargel-20\/","url":"https:\/\/gastro.condin.shop\/it\/produkt\/gruener-spargel-20\/","name":"Gr\u00fcner Spargel 20 \u2013 eine Verf\u00fchrung | Sofort bestellen","isPartOf":{"@id":"https:\/\/gastro.condin.shop\/it\/#website"},"primaryImageOfPage":{"@id":"https:\/\/gastro.condin.shop\/it\/produkt\/gruener-spargel-20\/#primaryimage"},"image":{"@id":"https:\/\/gastro.condin.shop\/it\/produkt\/gruener-spargel-20\/#primaryimage"},"thumbnailUrl":"https:\/\/gastro.condin.shop\/wp-content\/uploads\/2021\/01\/Gruener-Spargel.jpg","datePublished":"2021-01-18T14:10:11+00:00","dateModified":"2024-05-15T10:59:51+00:00","description":"Unseren makellosen gr\u00fcnen Spargel 20 Millimeter Durchmesser online kaufen. Condin Online-Shop \u2013 Spargel und vieles mehr.","inLanguage":"it-IT","potentialAction":[{"@type":"ReadAction","target":["https:\/\/gastro.condin.shop\/it\/produkt\/gruener-spargel-20\/"]}]},{"@type":"ImageObject","inLanguage":"it-IT","@id":"https:\/\/gastro.condin.shop\/it\/produkt\/gruener-spargel-20\/#primaryimage","url":"https:\/\/gastro.condin.shop\/wp-content\/uploads\/2021\/01\/Gruener-Spargel.jpg","contentUrl":"https:\/\/gastro.condin.shop\/wp-content\/uploads\/2021\/01\/Gruener-Spargel.jpg","width":1104,"height":1104},{"@type":"WebSite","@id":"https:\/\/gastro.condin.shop\/it\/#website","url":"https:\/\/gastro.condin.shop\/it\/","name":"Condin Spargel Asparagi","description":"Shop","potentialAction":[{"@type":"SearchAction","target":{"@type":"EntryPoint","urlTemplate":"https:\/\/gastro.condin.shop\/it\/?s={search_term_string}"},"query-input":{"@type":"PropertyValueSpecification","valueRequired":true,"valueName":"search_term_string"}}],"inLanguage":"it-IT"}]}},"_links":{"self":[{"href":"https:\/\/gastro.condin.shop\/it\/wp-json\/wp\/v2\/product\/2240","targetHints":{"allow":["GET"]}}],"collection":[{"href":"https:\/\/gastro.condin.shop\/it\/wp-json\/wp\/v2\/product"}],"about":[{"href":"https:\/\/gastro.condin.shop\/it\/wp-json\/wp\/v2\/types\/product"}],"wp:featuredmedia":[{"embeddable":true,"href":"https:\/\/gastro.condin.shop\/it\/wp-json\/wp\/v2\/media\/385"}],"wp:attachment":[{"href":"https:\/\/gastro.condin.shop\/it\/wp-json\/wp\/v2\/media?parent=2240"}],"wp:term":[{"taxonomy":"product_cat","embeddable":true,"href":"https:\/\/gastro.condin.shop\/it\/wp-json\/wp\/v2\/product_cat?post=2240"},{"taxonomy":"product_tag","embeddable":true,"href":"https:\/\/gastro.condin.shop\/it\/wp-json\/wp\/v2\/product_tag?post=2240"}],"curies":[{"name":"wp","href":"https:\/\/api.w.org\/{rel}","templated":true}]}}